{"id":15,"date":"2023-02-17T15:59:29","date_gmt":"2023-02-17T15:59:29","guid":{"rendered":"https:\/\/inmobiliariabembibre.com\/?page_id=15"},"modified":"2025-10-21T09:43:37","modified_gmt":"2025-10-21T09:43:37","slug":"pisos-en-venta-bembibre","status":"publish","type":"page","link":"https:\/\/inmobiliariabembibre.com\/?page_id=15","title":{"rendered":"Pisos en venta, Bembibre"},"content":{"rendered":"\n<h1 class=\"wp-block-heading\">Piso seminuevo, trastero y plaza de garaje<\/h1>\n\n\n<div class=\"wp-block-image\">\n<figure class=\"aligncenter size-large\"><a href=\"https:\/\/photos.app.goo.gl\/EqfAxpZtSfR4tsTX9\"><img fetchpriority=\"high\" decoding=\"async\" width=\"1024\" height=\"618\" src=\"https:\/\/inmobiliariabembibre.com\/wp-content\/uploads\/2023\/02\/Edif.-Aquiana-1024x618.jpg\" alt=\"\" class=\"wp-image-47\" srcset=\"https:\/\/inmobiliariabembibre.com\/wp-content\/uploads\/2023\/02\/Edif.-Aquiana-1024x618.jpg 1024w, https:\/\/inmobiliariabembibre.com\/wp-content\/uploads\/2023\/02\/Edif.-Aquiana-300x181.jpg 300w, https:\/\/inmobiliariabembibre.com\/wp-content\/uploads\/2023\/02\/Edif.-Aquiana-768x463.jpg 768w, https:\/\/inmobiliariabembibre.com\/wp-content\/uploads\/2023\/02\/Edif.-Aquiana-1536x926.jpg 1536w, https:\/\/inmobiliariabembibre.com\/wp-content\/uploads\/2023\/02\/Edif.-Aquiana.jpg 1973w\" sizes=\"(max-width: 1024px) 100vw, 1024px\" \/><\/a><\/figure><\/div>\n\n\n<blockquote class=\"wp-block-quote is-layout-flow wp-block-quote-is-layout-flow\">\n<p>Fant\u00e1stica vivienda de 3 dormitorios, 2 ba\u00f1os (uno en suitte), sal\u00f3n y cocina (tiene una terraza con instalaci\u00f3n para la lavadora). Incluye trastero y amplia plaza de garaje. Es estado del piso es seminuevo, procede de una entidad financiera. Tiene orientaci\u00f3n sureste y el edificio goza de unas fant\u00e1sticas calidades.<\/p>\n<\/blockquote>\n\n\n\n<h2 class=\"wp-block-heading\"><strong>Apartamento c\u00e9ntrico, amplio y econ\u00f3mico<\/strong><\/h2>\n\n\n<div class=\"wp-block-image\">\n<figure class=\"aligncenter size-large\"><a href=\"https:\/\/photos.app.goo.gl\/xbDW5VNkmgMDmtfS8\" target=\"_blank\" rel=\" noreferrer noopener\"><img decoding=\"async\" width=\"1024\" height=\"768\" src=\"https:\/\/inmobiliariabembibre.com\/wp-content\/uploads\/2025\/10\/Fachada-y-portal-1024x768.jpg\" alt=\"\" class=\"wp-image-335\" srcset=\"https:\/\/inmobiliariabembibre.com\/wp-content\/uploads\/2025\/10\/Fachada-y-portal-1024x768.jpg 1024w, https:\/\/inmobiliariabembibre.com\/wp-content\/uploads\/2025\/10\/Fachada-y-portal-300x225.jpg 300w, https:\/\/inmobiliariabembibre.com\/wp-content\/uploads\/2025\/10\/Fachada-y-portal-768x576.jpg 768w, https:\/\/inmobiliariabembibre.com\/wp-content\/uploads\/2025\/10\/Fachada-y-portal-1536x1152.jpg 1536w, https:\/\/inmobiliariabembibre.com\/wp-content\/uploads\/2025\/10\/Fachada-y-portal-2048x1536.jpg 2048w\" sizes=\"(max-width: 1024px) 100vw, 1024px\" \/><\/a><\/figure><\/div>\n\n\n<h5 class=\"wp-block-heading\"><\/h5>\n\n\n\n<blockquote class=\"wp-block-quote is-layout-flow wp-block-quote-is-layout-flow\">\n<p>En el centro de Bembibre, al lado del Ayuntamiento, coqueto apartamento de dos dormitorios,  amplio sal\u00f3n con una soleada terraza cerrada, cocina, cuarto de ba\u00f1o y despensa. La vivienda se entrega parcialmente amueblada. Todo exterior.<\/p>\n\n\n\n<p><\/p>\n<\/blockquote>\n\n\n\n<h2 class=\"wp-block-heading\">Piso de 3 dormitorios, procedente de entidad financiera<\/h2>\n\n\n<div class=\"wp-block-image\">\n<figure class=\"aligncenter size-large\"><img decoding=\"async\" width=\"1024\" height=\"683\" src=\"https:\/\/inmobiliariabembibre.com\/wp-content\/uploads\/2023\/02\/14.-UOA-Vistas-1024x683.jpg\" alt=\"\" class=\"wp-image-39\" srcset=\"https:\/\/inmobiliariabembibre.com\/wp-content\/uploads\/2023\/02\/14.-UOA-Vistas-1024x683.jpg 1024w, https:\/\/inmobiliariabembibre.com\/wp-content\/uploads\/2023\/02\/14.-UOA-Vistas-300x200.jpg 300w, https:\/\/inmobiliariabembibre.com\/wp-content\/uploads\/2023\/02\/14.-UOA-Vistas-768x512.jpg 768w, https:\/\/inmobiliariabembibre.com\/wp-content\/uploads\/2023\/02\/14.-UOA-Vistas.jpg 1200w\" sizes=\"(max-width: 1024px) 100vw, 1024px\" \/><figcaption class=\"wp-element-caption\">Detalle de las vistas desde el sal\u00f3n. <a href=\"https:\/\/photos.app.goo.gl\/vgL6YrNiw28enip87\" target=\"_blank\" rel=\"noreferrer noopener\"><strong>PINCHAR AQU\u00cd<\/strong> para ver m\u00e1s fotograf\u00edas o descargar el \u00e1lbum<\/a><\/figcaption><\/figure><\/div>\n\n\n<blockquote class=\"wp-block-quote is-layout-flow wp-block-quote-is-layout-flow\">\n<p>Detr\u00e1s del teatro Bene V\u00edvere, y en una fant\u00e1stica situaci\u00f3n, se vende piso, procedente de entidad financiera. Tiene 3 dormitorios, cuarto de ba\u00f1o, aseo, sal\u00f3n, cocina con terraza cerrada como cuarto de caldera. Adem\u00e1s, consta de trastero, bodega y plaza de garaje. Excelente ocasi\u00f3n, posibilidad de financiaci\u00f3n al 100 %.<\/p>\n<\/blockquote>\n\n\n\n<h2 class=\"wp-block-heading\">Ampliar informaci\u00f3n:<\/h2>\n\n\n<div class=\"wpforms-container wpforms-container-full wpforms-block wpforms-block-d71efec2-85fa-406a-937c-5907aec86f1d\" id=\"wpforms-161\"><form id=\"wpforms-form-161\" class=\"wpforms-validate wpforms-form wpforms-ajax-form\" data-formid=\"161\" method=\"post\" enctype=\"multipart\/form-data\" action=\"\/index.php?rest_route=%2Fwp%2Fv2%2Fpages%2F15\" data-token=\"610398071db90621c8eb0f85981107f6\" data-token-time=\"1778855167\"><noscript class=\"wpforms-error-noscript\">Por favor, activa JavaScript en tu navegador para completar este formulario.<\/noscript><div class=\"wpforms-field-container\"><div id=\"wpforms-161-field_0-container\" class=\"wpforms-field wpforms-field-name\" data-field-id=\"0\"><label class=\"wpforms-field-label\" for=\"wpforms-161-field_0\">Nombre <span class=\"wpforms-required-label\">*<\/span><\/label><input type=\"text\" id=\"wpforms-161-field_0\" class=\"wpforms-field-medium wpforms-field-required\" name=\"wpforms[fields][0]\" required><\/div><div id=\"wpforms-161-field_4-container\" class=\"wpforms-field wpforms-field-text\" data-field-id=\"4\"><label class=\"wpforms-field-label\" for=\"wpforms-161-field_4\">Tel\u00e9fono de contacto <span class=\"wpforms-required-label\">*<\/span><\/label><input type=\"text\" id=\"wpforms-161-field_4\" class=\"wpforms-field-medium wpforms-field-required\" name=\"wpforms[fields][4]\" required><\/div><div id=\"wpforms-161-field_1-container\" class=\"wpforms-field wpforms-field-email\" data-field-id=\"1\"><label class=\"wpforms-field-label\" for=\"wpforms-161-field_1\">Correo electr\u00f3nico <span class=\"wpforms-required-label\">*<\/span><\/label><input type=\"email\" id=\"wpforms-161-field_1\" class=\"wpforms-field-medium wpforms-field-required\" name=\"wpforms[fields][1]\" spellcheck=\"false\" required><\/div><div id=\"wpforms-161-field_2-container\" class=\"wpforms-field wpforms-field-textarea\" data-field-id=\"2\"><label class=\"wpforms-field-label\" for=\"wpforms-161-field_2\">Solicito informaci\u00f3n sobre: <span class=\"wpforms-required-label\">*<\/span><\/label><textarea id=\"wpforms-161-field_2\" class=\"wpforms-field-medium wpforms-field-required\" name=\"wpforms[fields][2]\" required><\/textarea><\/div><div id=\"wpforms-161-field_7-container\" class=\"wpforms-field wpforms-field-checkbox\" data-field-id=\"7\"><label class=\"wpforms-field-label\">Tratamiento de sus datos personales <span class=\"wpforms-required-label\">*<\/span><\/label><ul id=\"wpforms-161-field_7\" class=\"wpforms-field-required\"><li class=\"choice-1 depth-1\"><input type=\"checkbox\" id=\"wpforms-161-field_7_1\" name=\"wpforms[fields][7][]\" value=\"Acepto el tratamiento de mis datos personales\" required ><label class=\"wpforms-field-label-inline\" for=\"wpforms-161-field_7_1\">Acepto el tratamiento de mis datos personales<\/label><\/li><\/ul><div class=\"wpforms-field-description\">\u00abEn SERGIO DE LA PUENTE PIS tratamos la informaci\u00f3n que nos facilita con el fin de prestarles el servicio solicitado y realizar su facturaci\u00f3n. Los datos proporcionados se conservar\u00e1n mientras se mantenga la relaci\u00f3n comercial o durante el tiempo necesario para cumplir con las obligaciones legales y atender las posibles responsabilidades que pudieran derivar del cumplimiento de la finalidad para la que los datos fueron recabados. Los datos no se ceder\u00e1n a terceros salvo en los casos en que exista una obligaci\u00f3n legal. Usted tiene derecho a obtener informaci\u00f3n sobre si en SERGIO DE LA PUENTE PIS estamos tratando sus datos personales, por lo que puede ejercer sus derechos de acceso, rectificaci\u00f3n, supresi\u00f3n y portabilidad de datos y oposici\u00f3n y limitaci\u00f3n a su tratamiento ante SERGIO DE LA PUENTE PIS, C\/ CASTILLA, 4, BAJO (OFICINA INMOBILIARIA) 24300 &#8211; BEMBIBRE (LE\u00d3N) o en la direcci\u00f3n electr\u00f3nica sergio@inmobiliariabembibre.com, identific\u00e1ndose suficientemente en su solicitud por medios electr\u00f3nicos o, en su defecto, mediante solicitud debidamente firmada. No obstante, si el responsable del tratamiento tuviese dudas razonables en relaci\u00f3n con la identidad de la persona f\u00edsica que cursa la solicitud podr\u00e1 solicitar que se facilite informaci\u00f3n adicional necesaria para confirmar su identidad. Asimismo, y especialmente si considera que no ha obtenido satisfacci\u00f3n plena en el ejercicio de sus derechos, podr\u00e1 presentar una reclamaci\u00f3n ante la autoridad nacional de control dirigi\u00e9ndose a estos efectos a la Agencia Espa\u00f1ola de Protecci\u00f3n de Datos, C\/ Jorge Juan, 6 &#8211; 28001 Madrid.\r\n\r\nAsimismo, solicitamos su autorizaci\u00f3n para ofrecerle productos y servicios relacionados con los contratados y fidelizarle como cliente.\u00bb<\/div><\/div><\/div><!-- .wpforms-field-container --><div class=\"wpforms-submit-container\" ><input type=\"hidden\" name=\"wpforms[id]\" value=\"161\"><input type=\"hidden\" name=\"page_title\" value=\"\"><input type=\"hidden\" name=\"page_url\" value=\"https:\/\/inmobiliariabembibre.com\/index.php?rest_route=\/wp\/v2\/pages\/15\"><input type=\"hidden\" name=\"url_referer\" value=\"\"><button type=\"submit\" name=\"wpforms[submit]\" id=\"wpforms-submit-161\" class=\"wpforms-submit\" data-alt-text=\"Enviando...\" data-submit-text=\"Enviar\" aria-live=\"assertive\" value=\"wpforms-submit\">Enviar<\/button><img loading=\"lazy\" decoding=\"async\" src=\"https:\/\/inmobiliariabembibre.com\/wp-content\/plugins\/wpforms-lite\/assets\/images\/submit-spin.svg\" class=\"wpforms-submit-spinner\" style=\"display: none;\" width=\"26\" height=\"26\" alt=\"Cargando\"><\/div><\/form><\/div>  <!-- .wpforms-container -->\n\n\n<div class=\"wp-block-group\"><div class=\"wp-block-group__inner-container is-layout-constrained wp-block-group-is-layout-constrained\">\n<div class=\"wp-block-group alignwide is-content-justification-space-between is-layout-flex wp-container-core-group-is-layout-f472d26c wp-block-group-is-layout-flex\" style=\"padding-bottom:var(--wp--preset--spacing--40)\"><p class=\"wp-block-site-title\"><a href=\"https:\/\/inmobiliariabembibre.com\" target=\"_self\" rel=\"home\">La Inmobiliaria de Bembibre<\/a><\/p>\n\n<nav class=\"is-responsive items-justified-right wp-block-navigation is-content-justification-right is-layout-flex wp-container-core-navigation-is-layout-3817c3ed wp-block-navigation-is-layout-flex\" \n\t\t data-wp-interactive=\"core\/navigation\" data-wp-context='{\"overlayOpenedBy\":{\"click\":false,\"hover\":false,\"focus\":false},\"type\":\"overlay\",\"roleAttribute\":\"\",\"ariaLabel\":\"Men\\u00fa\"}'><button aria-haspopup=\"dialog\" aria-label=\"Abrir el men\u00fa\" class=\"wp-block-navigation__responsive-container-open\" \n\t\t\t\tdata-wp-on-async--click=\"actions.openMenuOnClick\"\n\t\t\t\tdata-wp-on--keydown=\"actions.handleMenuKeydown\"\n\t\t\t><svg width=\"24\" height=\"24\" xmlns=\"http:\/\/www.w3.org\/2000\/svg\" viewBox=\"0 0 24 24\" aria-hidden=\"true\" focusable=\"false\"><rect x=\"4\" y=\"7.5\" width=\"16\" height=\"1.5\" \/><rect x=\"4\" y=\"15\" width=\"16\" height=\"1.5\" \/><\/svg><\/button>\n\t\t\t\t<div class=\"wp-block-navigation__responsive-container\"  id=\"modal-1\" \n\t\t\t\tdata-wp-class--has-modal-open=\"state.isMenuOpen\"\n\t\t\t\tdata-wp-class--is-menu-open=\"state.isMenuOpen\"\n\t\t\t\tdata-wp-watch=\"callbacks.initMenu\"\n\t\t\t\tdata-wp-on--keydown=\"actions.handleMenuKeydown\"\n\t\t\t\tdata-wp-on-async--focusout=\"actions.handleMenuFocusout\"\n\t\t\t\ttabindex=\"-1\"\n\t\t\t>\n\t\t\t\t\t<div class=\"wp-block-navigation__responsive-close\" tabindex=\"-1\">\n\t\t\t\t\t\t<div class=\"wp-block-navigation__responsive-dialog\" \n\t\t\t\tdata-wp-bind--aria-modal=\"state.ariaModal\"\n\t\t\t\tdata-wp-bind--aria-label=\"state.ariaLabel\"\n\t\t\t\tdata-wp-bind--role=\"state.roleAttribute\"\n\t\t\t>\n\t\t\t\t\t\t\t<button aria-label=\"Cerrar el men\u00fa\" class=\"wp-block-navigation__responsive-container-close\" \n\t\t\t\tdata-wp-on-async--click=\"actions.closeMenuOnClick\"\n\t\t\t><svg xmlns=\"http:\/\/www.w3.org\/2000\/svg\" viewBox=\"0 0 24 24\" width=\"24\" height=\"24\" aria-hidden=\"true\" focusable=\"false\"><path d=\"m13.06 12 6.47-6.47-1.06-1.06L12 10.94 5.53 4.47 4.47 5.53 10.94 12l-6.47 6.47 1.06 1.06L12 13.06l6.47 6.47 1.06-1.06L13.06 12Z\"><\/path><\/svg><\/button>\n\t\t\t\t\t\t\t<div class=\"wp-block-navigation__responsive-container-content\" \n\t\t\t\tdata-wp-watch=\"callbacks.focusFirstElement\"\n\t\t\t id=\"modal-1-content\">\n\t\t\t\t\t\t\t\t<ul class=\"wp-block-navigation__container is-responsive items-justified-right wp-block-navigation\"><ul class=\"wp-block-page-list\"><li class=\"wp-block-pages-list__item wp-block-navigation-item open-on-hover-click\"><a class=\"wp-block-pages-list__item__link wp-block-navigation-item__content\" href=\"https:\/\/inmobiliariabembibre.com\/?page_id=56\">Alquiler Piso 3 dormitorios<\/a><\/li><li class=\"wp-block-pages-list__item wp-block-navigation-item open-on-hover-click\"><a class=\"wp-block-pages-list__item__link wp-block-navigation-item__content\" href=\"https:\/\/inmobiliariabembibre.com\/?page_id=55\">Casas cerca de Bembibre<\/a><\/li><li class=\"wp-block-pages-list__item wp-block-navigation-item open-on-hover-click\"><a class=\"wp-block-pages-list__item__link wp-block-navigation-item__content\" href=\"https:\/\/inmobiliariabembibre.com\/?page_id=53\">Casas en venta, Bembibre<\/a><\/li><li class=\"wp-block-pages-list__item wp-block-navigation-item open-on-hover-click\"><a class=\"wp-block-pages-list__item__link wp-block-navigation-item__content\" href=\"https:\/\/inmobiliariabembibre.com\/?page_id=54\">Fincas, locales, garajes, etc. Bembibre<\/a><\/li><li class=\"wp-block-pages-list__item wp-block-navigation-item open-on-hover-click\"><a class=\"wp-block-pages-list__item__link wp-block-navigation-item__content\" href=\"https:\/\/inmobiliariabembibre.com\/?page_id=15\">Pisos en venta, Bembibre<\/a><\/li><\/ul><\/ul>\n\t\t\t\t\t\t\t<\/div>\n\t\t\t\t\t\t<\/div>\n\t\t\t\t\t<\/div>\n\t\t\t\t<\/div><\/nav><\/div>\n<\/div><\/div>\n\n\n\n<p><\/p>\n","protected":false},"excerpt":{"rendered":"<p>Piso seminuevo, trastero y plaza de garaje Fant\u00e1stica vivienda de 3 dormitorios, 2 ba\u00f1os (uno en suitte), sal\u00f3n y cocina (tiene una terraza con instalaci\u00f3n para la lavadora). Incluye trastero [&hellip;]<\/p>\n","protected":false},"author":1,"featured_media":0,"parent":0,"menu_order":0,"comment_status":"closed","ping_status":"closed","template":"","meta":{"footnotes":""},"class_list":["post-15","page","type-page","status-publish","hentry"],"_links":{"self":[{"href":"https:\/\/inmobiliariabembibre.com\/index.php?rest_route=\/wp\/v2\/pages\/15","targetHints":{"allow":["GET"]}}],"collection":[{"href":"https:\/\/inmobiliariabembibre.com\/index.php?rest_route=\/wp\/v2\/pages"}],"about":[{"href":"https:\/\/inmobiliariabembibre.com\/index.php?rest_route=\/wp\/v2\/types\/page"}],"author":[{"embeddable":true,"href":"https:\/\/inmobiliariabembibre.com\/index.php?rest_route=\/wp\/v2\/users\/1"}],"replies":[{"embeddable":true,"href":"https:\/\/inmobiliariabembibre.com\/index.php?rest_route=%2Fwp%2Fv2%2Fcomments&post=15"}],"version-history":[{"count":24,"href":"https:\/\/inmobiliariabembibre.com\/index.php?rest_route=\/wp\/v2\/pages\/15\/revisions"}],"predecessor-version":[{"id":338,"href":"https:\/\/inmobiliariabembibre.com\/index.php?rest_route=\/wp\/v2\/pages\/15\/revisions\/338"}],"wp:attachment":[{"href":"https:\/\/inmobiliariabembibre.com\/index.php?rest_route=%2Fwp%2Fv2%2Fmedia&parent=15"}],"curies":[{"name":"wp","href":"https:\/\/api.w.org\/{rel}","templated":true}]}}