{"id":53,"date":"2023-02-17T17:28:26","date_gmt":"2023-02-17T17:28:26","guid":{"rendered":"https:\/\/inmobiliariabembibre.com\/?page_id=53"},"modified":"2025-10-21T10:04:19","modified_gmt":"2025-10-21T10:04:19","slug":"casas-en-venta-bembibre","status":"publish","type":"page","link":"https:\/\/inmobiliariabembibre.com\/?page_id=53","title":{"rendered":"Casas en venta, Bembibre"},"content":{"rendered":"\n<h2 class=\"wp-block-heading\">Casa con finca en el centro de Bembibre \u00a1\u00a1\u00a1OPORTUNIDAD!!!<\/h2>\n\n\n<div class=\"wp-block-image\">\n<figure class=\"aligncenter size-large\"><a href=\"https:\/\/photos.app.goo.gl\/fyFSfFKco7N7TytE6\" target=\"_blank\" rel=\"Pulsar para ver m\u00e1s fotograf\u00edas noopener\"><img fetchpriority=\"high\" decoding=\"async\" width=\"1024\" height=\"768\" src=\"https:\/\/inmobiliariabembibre.com\/wp-content\/uploads\/2024\/10\/IMG_6853-1024x768.jpeg\" alt=\"\" class=\"wp-image-307\" srcset=\"https:\/\/inmobiliariabembibre.com\/wp-content\/uploads\/2024\/10\/IMG_6853-1024x768.jpeg 1024w, https:\/\/inmobiliariabembibre.com\/wp-content\/uploads\/2024\/10\/IMG_6853-300x225.jpeg 300w, https:\/\/inmobiliariabembibre.com\/wp-content\/uploads\/2024\/10\/IMG_6853-768x576.jpeg 768w, https:\/\/inmobiliariabembibre.com\/wp-content\/uploads\/2024\/10\/IMG_6853-1536x1152.jpeg 1536w, https:\/\/inmobiliariabembibre.com\/wp-content\/uploads\/2024\/10\/IMG_6853-2048x1536.jpeg 2048w\" sizes=\"(max-width: 1024px) 100vw, 1024px\" \/><\/a><\/figure><\/div>\n\n\n<p>En el centro de Bembibre, enfrente del edificio de La Casa de las Culturas, casa de planta y piso con 200 metros de finca. La planta baja tiene una cochera, un bajo comercial (se puede transformar en vivienda, en garaje, etc), bodega, patio y terreno-finca con pozo propio. La vivienda es de 4 dormitorios, cuarto de ba\u00f1o, sal\u00f3n y cocina. Adem\u00e1s tiene un desv\u00e1n. Dado los costes de construcci\u00f3n actuales, increible oportunidad, no habr\u00e1 muchas similares&#8230;<\/p>\n\n\n\n<h2 class=\"wp-block-heading\">Casa se\u00f1orial en el centro de Bembibre<\/h2>\n\n\n<div class=\"wp-block-image\">\n<figure class=\"aligncenter size-full is-resized\"><img decoding=\"async\" width=\"640\" height=\"417\" src=\"https:\/\/inmobiliariabembibre.com\/wp-content\/uploads\/2023\/02\/Casa-Mayoral.jpg\" alt=\"\" class=\"wp-image-81\" style=\"width:1040px;height:677px\" srcset=\"https:\/\/inmobiliariabembibre.com\/wp-content\/uploads\/2023\/02\/Casa-Mayoral.jpg 640w, https:\/\/inmobiliariabembibre.com\/wp-content\/uploads\/2023\/02\/Casa-Mayoral-300x195.jpg 300w\" sizes=\"(max-width: 640px) 100vw, 640px\" \/><\/figure><\/div>\n\n\n<blockquote class=\"wp-block-quote is-layout-flow wp-block-quote-is-layout-flow\">\n<p>Cerca de la plaza Mayor, se encuentra esta enorme casa de m\u00e1s de 132 metros por planta. Todas las posibilidades, enorme y luminosa vivienda, totalmente cuadrada. <\/p>\n<\/blockquote>\n\n\n\n<h2 class=\"wp-block-heading\">Ampliar informaci\u00f3n:<\/h2>\n\n\n<div class=\"wpforms-container wpforms-container-full wpforms-block wpforms-block-a5754b9b-3270-4ffc-909a-7cfbd7af844a\" id=\"wpforms-161\"><form id=\"wpforms-form-161\" class=\"wpforms-validate wpforms-form wpforms-ajax-form\" data-formid=\"161\" method=\"post\" enctype=\"multipart\/form-data\" action=\"\/index.php?rest_route=%2Fwp%2Fv2%2Fpages%2F53\" data-token=\"6b43579f3acb592683ba58111049fcf6\" data-token-time=\"1777733214\"><noscript class=\"wpforms-error-noscript\">Por favor, activa JavaScript en tu navegador para completar este formulario.<\/noscript><div class=\"wpforms-field-container\"><div id=\"wpforms-161-field_0-container\" class=\"wpforms-field wpforms-field-name\" data-field-id=\"0\"><label class=\"wpforms-field-label\" for=\"wpforms-161-field_0\">Nombre <span class=\"wpforms-required-label\">*<\/span><\/label><input type=\"text\" id=\"wpforms-161-field_0\" class=\"wpforms-field-medium wpforms-field-required\" name=\"wpforms[fields][0]\" required><\/div><div id=\"wpforms-161-field_4-container\" class=\"wpforms-field wpforms-field-text\" data-field-id=\"4\"><label class=\"wpforms-field-label\" for=\"wpforms-161-field_4\">Tel\u00e9fono de contacto <span class=\"wpforms-required-label\">*<\/span><\/label><input type=\"text\" id=\"wpforms-161-field_4\" class=\"wpforms-field-medium wpforms-field-required\" name=\"wpforms[fields][4]\" required><\/div><div id=\"wpforms-161-field_1-container\" class=\"wpforms-field wpforms-field-email\" data-field-id=\"1\"><label class=\"wpforms-field-label\" for=\"wpforms-161-field_1\">Correo electr\u00f3nico <span class=\"wpforms-required-label\">*<\/span><\/label><input type=\"email\" id=\"wpforms-161-field_1\" class=\"wpforms-field-medium wpforms-field-required\" name=\"wpforms[fields][1]\" spellcheck=\"false\" required><\/div><div id=\"wpforms-161-field_2-container\" class=\"wpforms-field wpforms-field-textarea\" data-field-id=\"2\"><label class=\"wpforms-field-label\" for=\"wpforms-161-field_2\">Solicito informaci\u00f3n sobre: <span class=\"wpforms-required-label\">*<\/span><\/label><textarea id=\"wpforms-161-field_2\" class=\"wpforms-field-medium wpforms-field-required\" name=\"wpforms[fields][2]\" required><\/textarea><\/div><div id=\"wpforms-161-field_7-container\" class=\"wpforms-field wpforms-field-checkbox\" data-field-id=\"7\"><label class=\"wpforms-field-label\">Tratamiento de sus datos personales <span class=\"wpforms-required-label\">*<\/span><\/label><ul id=\"wpforms-161-field_7\" class=\"wpforms-field-required\"><li class=\"choice-1 depth-1\"><input type=\"checkbox\" id=\"wpforms-161-field_7_1\" name=\"wpforms[fields][7][]\" value=\"Acepto el tratamiento de mis datos personales\" required ><label class=\"wpforms-field-label-inline\" for=\"wpforms-161-field_7_1\">Acepto el tratamiento de mis datos personales<\/label><\/li><\/ul><div class=\"wpforms-field-description\">\u00abEn SERGIO DE LA PUENTE PIS tratamos la informaci\u00f3n que nos facilita con el fin de prestarles el servicio solicitado y realizar su facturaci\u00f3n. Los datos proporcionados se conservar\u00e1n mientras se mantenga la relaci\u00f3n comercial o durante el tiempo necesario para cumplir con las obligaciones legales y atender las posibles responsabilidades que pudieran derivar del cumplimiento de la finalidad para la que los datos fueron recabados. Los datos no se ceder\u00e1n a terceros salvo en los casos en que exista una obligaci\u00f3n legal. Usted tiene derecho a obtener informaci\u00f3n sobre si en SERGIO DE LA PUENTE PIS estamos tratando sus datos personales, por lo que puede ejercer sus derechos de acceso, rectificaci\u00f3n, supresi\u00f3n y portabilidad de datos y oposici\u00f3n y limitaci\u00f3n a su tratamiento ante SERGIO DE LA PUENTE PIS, C\/ CASTILLA, 4, BAJO (OFICINA INMOBILIARIA) 24300 &#8211; BEMBIBRE (LE\u00d3N) o en la direcci\u00f3n electr\u00f3nica sergio@inmobiliariabembibre.com, identific\u00e1ndose suficientemente en su solicitud por medios electr\u00f3nicos o, en su defecto, mediante solicitud debidamente firmada. No obstante, si el responsable del tratamiento tuviese dudas razonables en relaci\u00f3n con la identidad de la persona f\u00edsica que cursa la solicitud podr\u00e1 solicitar que se facilite informaci\u00f3n adicional necesaria para confirmar su identidad. Asimismo, y especialmente si considera que no ha obtenido satisfacci\u00f3n plena en el ejercicio de sus derechos, podr\u00e1 presentar una reclamaci\u00f3n ante la autoridad nacional de control dirigi\u00e9ndose a estos efectos a la Agencia Espa\u00f1ola de Protecci\u00f3n de Datos, C\/ Jorge Juan, 6 &#8211; 28001 Madrid.\r\n\r\nAsimismo, solicitamos su autorizaci\u00f3n para ofrecerle productos y servicios relacionados con los contratados y fidelizarle como cliente.\u00bb<\/div><\/div><\/div><!-- .wpforms-field-container --><div class=\"wpforms-submit-container\" ><input type=\"hidden\" name=\"wpforms[id]\" value=\"161\"><input type=\"hidden\" name=\"page_title\" value=\"\"><input type=\"hidden\" name=\"page_url\" value=\"https:\/\/inmobiliariabembibre.com\/index.php?rest_route=\/wp\/v2\/pages\/53\"><input type=\"hidden\" name=\"url_referer\" value=\"\"><button type=\"submit\" name=\"wpforms[submit]\" id=\"wpforms-submit-161\" class=\"wpforms-submit\" data-alt-text=\"Enviando...\" data-submit-text=\"Enviar\" aria-live=\"assertive\" value=\"wpforms-submit\">Enviar<\/button><img decoding=\"async\" src=\"https:\/\/inmobiliariabembibre.com\/wp-content\/plugins\/wpforms-lite\/assets\/images\/submit-spin.svg\" class=\"wpforms-submit-spinner\" style=\"display: none;\" width=\"26\" height=\"26\" alt=\"Cargando\"><\/div><\/form><\/div>  <!-- .wpforms-container -->\n\n<div class=\"wp-block-image\">\n<figure class=\"aligncenter size-full\"><img loading=\"lazy\" decoding=\"async\" width=\"859\" height=\"601\" src=\"https:\/\/inmobiliariabembibre.com\/wp-content\/uploads\/2023\/02\/Publi-Inmo_Sergio-222.jpg\" alt=\"\" class=\"wp-image-75\" srcset=\"https:\/\/inmobiliariabembibre.com\/wp-content\/uploads\/2023\/02\/Publi-Inmo_Sergio-222.jpg 859w, https:\/\/inmobiliariabembibre.com\/wp-content\/uploads\/2023\/02\/Publi-Inmo_Sergio-222-300x210.jpg 300w, https:\/\/inmobiliariabembibre.com\/wp-content\/uploads\/2023\/02\/Publi-Inmo_Sergio-222-768x537.jpg 768w\" sizes=\"(max-width: 859px) 100vw, 859px\" \/><\/figure><\/div>","protected":false},"excerpt":{"rendered":"<p>Casa con finca en el centro de Bembibre \u00a1\u00a1\u00a1OPORTUNIDAD!!! En el centro de Bembibre, enfrente del edificio de La Casa de las Culturas, casa de planta y piso con 200 [&hellip;]<\/p>\n","protected":false},"author":1,"featured_media":0,"parent":0,"menu_order":0,"comment_status":"closed","ping_status":"closed","template":"","meta":{"footnotes":""},"class_list":["post-53","page","type-page","status-publish","hentry"],"_links":{"self":[{"href":"https:\/\/inmobiliariabembibre.com\/index.php?rest_route=\/wp\/v2\/pages\/53","targetHints":{"allow":["GET"]}}],"collection":[{"href":"https:\/\/inmobiliariabembibre.com\/index.php?rest_route=\/wp\/v2\/pages"}],"about":[{"href":"https:\/\/inmobiliariabembibre.com\/index.php?rest_route=\/wp\/v2\/types\/page"}],"author":[{"embeddable":true,"href":"https:\/\/inmobiliariabembibre.com\/index.php?rest_route=\/wp\/v2\/users\/1"}],"replies":[{"embeddable":true,"href":"https:\/\/inmobiliariabembibre.com\/index.php?rest_route=%2Fwp%2Fv2%2Fcomments&post=53"}],"version-history":[{"count":20,"href":"https:\/\/inmobiliariabembibre.com\/index.php?rest_route=\/wp\/v2\/pages\/53\/revisions"}],"predecessor-version":[{"id":341,"href":"https:\/\/inmobiliariabembibre.com\/index.php?rest_route=\/wp\/v2\/pages\/53\/revisions\/341"}],"wp:attachment":[{"href":"https:\/\/inmobiliariabembibre.com\/index.php?rest_route=%2Fwp%2Fv2%2Fmedia&parent=53"}],"curies":[{"name":"wp","href":"https:\/\/api.w.org\/{rel}","templated":true}]}}