{"id":55,"date":"2023-02-17T17:28:26","date_gmt":"2023-02-17T17:28:26","guid":{"rendered":"https:\/\/inmobiliariabembibre.com\/?page_id=55"},"modified":"2025-10-21T10:05:09","modified_gmt":"2025-10-21T10:05:09","slug":"casas-cerca-de-bembibre","status":"publish","type":"page","link":"https:\/\/inmobiliariabembibre.com\/?page_id=55","title":{"rendered":"Casas cerca de Bembibre"},"content":{"rendered":"\n<h2 class=\"wp-block-heading\">Noceda, dos casas en el centro: Vivienda y otra para cochera.<\/h2>\n\n\n<div class=\"wp-block-image\">\n<figure class=\"aligncenter size-large\"><a href=\"https:\/\/photos.app.goo.gl\/PksecPgS9shSeNcc8\" target=\"_blank\" rel=\" noreferrer noopener\"><img fetchpriority=\"high\" decoding=\"async\" width=\"1024\" height=\"768\" src=\"https:\/\/inmobiliariabembibre.com\/wp-content\/uploads\/2025\/10\/eZy-Watermark_25-09-2025_05-27-36-2470p.-m-1024x768.jpg\" alt=\"\" class=\"wp-image-332\" srcset=\"https:\/\/inmobiliariabembibre.com\/wp-content\/uploads\/2025\/10\/eZy-Watermark_25-09-2025_05-27-36-2470p.-m-1024x768.jpg 1024w, https:\/\/inmobiliariabembibre.com\/wp-content\/uploads\/2025\/10\/eZy-Watermark_25-09-2025_05-27-36-2470p.-m-300x225.jpg 300w, https:\/\/inmobiliariabembibre.com\/wp-content\/uploads\/2025\/10\/eZy-Watermark_25-09-2025_05-27-36-2470p.-m-768x576.jpg 768w, https:\/\/inmobiliariabembibre.com\/wp-content\/uploads\/2025\/10\/eZy-Watermark_25-09-2025_05-27-36-2470p.-m-1536x1152.jpg 1536w, https:\/\/inmobiliariabembibre.com\/wp-content\/uploads\/2025\/10\/eZy-Watermark_25-09-2025_05-27-36-2470p.-m-2048x1536.jpg 2048w\" sizes=\"(max-width: 1024px) 100vw, 1024px\" \/><\/a><\/figure><\/div>\n\n\n<blockquote class=\"wp-block-quote is-layout-flow wp-block-quote-is-layout-flow\">\n<p>En el coraz\u00f3n de Noceda se vende casa en excelente estado de conservaci\u00f3n, ideal para vivienda o incluso como segunda residencia. Tiene 3 dormitorios, cuarto de ba\u00f1o y aseo. Amplia cocina, sal\u00f3n y bodega. Incluye, a 68 metros de distancia, una segunda construcci\u00f3n que actualmente se usa como cochera pero que se puede restaurar y convertirla en otra vivienda.<\/p>\n<\/blockquote>\n\n\n\n<h2 class=\"wp-block-heading\">Noceda: Casa, jardin y amplia zona r\u00fastica<\/h2>\n\n\n<div class=\"wp-block-image\">\n<figure class=\"aligncenter size-large\"><a href=\"https:\/\/photos.app.goo.gl\/QxfQxDDdMC4KejgF7\" target=\"_blank\" rel=\" noreferrer noopener\"><img decoding=\"async\" width=\"1024\" height=\"765\" src=\"https:\/\/inmobiliariabembibre.com\/wp-content\/uploads\/2025\/10\/Casa-y-Jardin-NocedaCasa-2-1024x765.jpg\" alt=\"\" class=\"wp-image-330\" srcset=\"https:\/\/inmobiliariabembibre.com\/wp-content\/uploads\/2025\/10\/Casa-y-Jardin-NocedaCasa-2-1024x765.jpg 1024w, https:\/\/inmobiliariabembibre.com\/wp-content\/uploads\/2025\/10\/Casa-y-Jardin-NocedaCasa-2-300x224.jpg 300w, https:\/\/inmobiliariabembibre.com\/wp-content\/uploads\/2025\/10\/Casa-y-Jardin-NocedaCasa-2-768x573.jpg 768w, https:\/\/inmobiliariabembibre.com\/wp-content\/uploads\/2025\/10\/Casa-y-Jardin-NocedaCasa-2-1536x1147.jpg 1536w, https:\/\/inmobiliariabembibre.com\/wp-content\/uploads\/2025\/10\/Casa-y-Jardin-NocedaCasa-2-2048x1529.jpg 2048w\" sizes=\"(max-width: 1024px) 100vw, 1024px\" \/><\/a><\/figure><\/div>\n\n\n<blockquote class=\"wp-block-quote is-layout-flow wp-block-quote-is-layout-flow\">\n<p>Al lado del Camping, comienzo de la ruta de las fuentes, zona super tranquila, con unas vistas espectaculares&#8230; Casa con: bodega con garaje y varias estancias, acceso al jard\u00edn; planta baja con sal\u00f3n, cocina, dormitorio (cuarto de ba\u00f1o en suitte), terraza, aseo; planta 1\u00aa con ba\u00f1o, 3 dormtirios (1 en suitte), terraza; \u00e1tico con sal\u00f3n, terraza, cuarto de ba\u00f1o, dos dormitorios. Jard\u00edn amplio, luminoso, accesible. Desde el jard\u00edn pasamo a la zona r\u00fastica con huerta, muchas clases de \u00e1rboles, un peque\u00f1o bosque y limita con el r\u00edo. \u00a1\u00a1\u00a1ESPECTACULAR!!!<\/p>\n<\/blockquote>\n\n\n\n<h2 class=\"wp-block-heading\">Albares de la Ribera<\/h2>\n\n\n<div class=\"wp-block-image\">\n<figure class=\"aligncenter size-large\"><a href=\"https:\/\/photos.app.goo.gl\/DnstFe8pgKhe3Ux26\" target=\"_blank\" rel=\"Pulsar para ver m\u00e1s fotograf\u00edas noopener\"><img decoding=\"async\" width=\"1024\" height=\"768\" src=\"https:\/\/inmobiliariabembibre.com\/wp-content\/uploads\/2024\/10\/IMG_8744-1024x768.jpg\" alt=\"\" class=\"wp-image-312\" srcset=\"https:\/\/inmobiliariabembibre.com\/wp-content\/uploads\/2024\/10\/IMG_8744-1024x768.jpg 1024w, https:\/\/inmobiliariabembibre.com\/wp-content\/uploads\/2024\/10\/IMG_8744-300x225.jpg 300w, https:\/\/inmobiliariabembibre.com\/wp-content\/uploads\/2024\/10\/IMG_8744-768x576.jpg 768w, https:\/\/inmobiliariabembibre.com\/wp-content\/uploads\/2024\/10\/IMG_8744-1536x1152.jpg 1536w, https:\/\/inmobiliariabembibre.com\/wp-content\/uploads\/2024\/10\/IMG_8744-2048x1536.jpg 2048w\" sizes=\"(max-width: 1024px) 100vw, 1024px\" \/><\/a><\/figure><\/div>\n\n\n<blockquote class=\"wp-block-quote is-layout-flow wp-block-quote-is-layout-flow\">\n<p>En el centro de Albares de la Ribera, en un precioso y tranquilo entorno se vende esta casita de planta y piso. Ideal para segunda residencia o para vivienda de alquiler o alquiler tur\u00edstico. Requiere reforma. Estructura muy s\u00f3lida y excelente estado de conservaci\u00f3n. OCASI\u00d3N.<\/p>\n<\/blockquote>\n\n\n\n<h2 class=\"wp-block-heading\">Alm\u00e1zcara, casa de campo con finca<\/h2>\n\n\n<div class=\"wp-block-image\">\n<figure class=\"aligncenter size-large\"><img loading=\"lazy\" decoding=\"async\" width=\"1024\" height=\"683\" src=\"https:\/\/inmobiliariabembibre.com\/wp-content\/uploads\/2023\/02\/IMG_1160-1024x683.jpg\" alt=\"\" class=\"wp-image-93\" srcset=\"https:\/\/inmobiliariabembibre.com\/wp-content\/uploads\/2023\/02\/IMG_1160-1024x683.jpg 1024w, https:\/\/inmobiliariabembibre.com\/wp-content\/uploads\/2023\/02\/IMG_1160-300x200.jpg 300w, https:\/\/inmobiliariabembibre.com\/wp-content\/uploads\/2023\/02\/IMG_1160-768x512.jpg 768w, https:\/\/inmobiliariabembibre.com\/wp-content\/uploads\/2023\/02\/IMG_1160-1536x1024.jpg 1536w, https:\/\/inmobiliariabembibre.com\/wp-content\/uploads\/2023\/02\/IMG_1160-2048x1365.jpg 2048w\" sizes=\"(max-width: 1024px) 100vw, 1024px\" \/><figcaption class=\"wp-element-caption\"><a href=\"https:\/\/photos.app.goo.gl\/63K1DF5yYm7QJnPR6\" target=\"_blank\" rel=\"noreferrer noopener\"><strong>PINCHAR AQU\u00cd<\/strong> para ver m\u00e1s fotograf\u00edas<\/a><\/figcaption><\/figure><\/div>\n\n\n<blockquote class=\"wp-block-quote is-layout-flow wp-block-quote-is-layout-flow\">\n<p>En Alm\u00e1zcara, a medio camino entre Bembibre y Ponferrada, se vende esta preciosa construcci\u00f3n con su terreno. Es la casa de fin de semana ideal. Precio muy competitivo y muy por debajo de su coste, no desaproveche la ocasi\u00f3n.<\/p>\n<\/blockquote>\n\n\n\n<h2 class=\"wp-block-heading\">Ampliar informaci\u00f3n:<\/h2>\n\n\n<div class=\"wpforms-container wpforms-container-full wpforms-block wpforms-block-1c115d59-e7dc-44f1-aa11-28f981fb76c2\" id=\"wpforms-161\"><form id=\"wpforms-form-161\" class=\"wpforms-validate wpforms-form wpforms-ajax-form\" data-formid=\"161\" method=\"post\" enctype=\"multipart\/form-data\" action=\"\/index.php?rest_route=%2Fwp%2Fv2%2Fpages%2F55\" data-token=\"610398071db90621c8eb0f85981107f6\" data-token-time=\"1778855388\"><noscript class=\"wpforms-error-noscript\">Por favor, activa JavaScript en tu navegador para completar este formulario.<\/noscript><div class=\"wpforms-field-container\"><div id=\"wpforms-161-field_0-container\" class=\"wpforms-field wpforms-field-name\" data-field-id=\"0\"><label class=\"wpforms-field-label\" for=\"wpforms-161-field_0\">Nombre <span class=\"wpforms-required-label\">*<\/span><\/label><input type=\"text\" id=\"wpforms-161-field_0\" class=\"wpforms-field-medium wpforms-field-required\" name=\"wpforms[fields][0]\" required><\/div><div id=\"wpforms-161-field_4-container\" class=\"wpforms-field wpforms-field-text\" data-field-id=\"4\"><label class=\"wpforms-field-label\" for=\"wpforms-161-field_4\">Tel\u00e9fono de contacto <span class=\"wpforms-required-label\">*<\/span><\/label><input type=\"text\" id=\"wpforms-161-field_4\" class=\"wpforms-field-medium wpforms-field-required\" name=\"wpforms[fields][4]\" required><\/div><div id=\"wpforms-161-field_1-container\" class=\"wpforms-field wpforms-field-email\" data-field-id=\"1\"><label class=\"wpforms-field-label\" for=\"wpforms-161-field_1\">Correo electr\u00f3nico <span class=\"wpforms-required-label\">*<\/span><\/label><input type=\"email\" id=\"wpforms-161-field_1\" class=\"wpforms-field-medium wpforms-field-required\" name=\"wpforms[fields][1]\" spellcheck=\"false\" required><\/div><div id=\"wpforms-161-field_2-container\" class=\"wpforms-field wpforms-field-textarea\" data-field-id=\"2\"><label class=\"wpforms-field-label\" for=\"wpforms-161-field_2\">Solicito informaci\u00f3n sobre: <span class=\"wpforms-required-label\">*<\/span><\/label><textarea id=\"wpforms-161-field_2\" class=\"wpforms-field-medium wpforms-field-required\" name=\"wpforms[fields][2]\" required><\/textarea><\/div><div id=\"wpforms-161-field_7-container\" class=\"wpforms-field wpforms-field-checkbox\" data-field-id=\"7\"><label class=\"wpforms-field-label\">Tratamiento de sus datos personales <span class=\"wpforms-required-label\">*<\/span><\/label><ul id=\"wpforms-161-field_7\" class=\"wpforms-field-required\"><li class=\"choice-1 depth-1\"><input type=\"checkbox\" id=\"wpforms-161-field_7_1\" name=\"wpforms[fields][7][]\" value=\"Acepto el tratamiento de mis datos personales\" required ><label class=\"wpforms-field-label-inline\" for=\"wpforms-161-field_7_1\">Acepto el tratamiento de mis datos personales<\/label><\/li><\/ul><div class=\"wpforms-field-description\">\u00abEn SERGIO DE LA PUENTE PIS tratamos la informaci\u00f3n que nos facilita con el fin de prestarles el servicio solicitado y realizar su facturaci\u00f3n. Los datos proporcionados se conservar\u00e1n mientras se mantenga la relaci\u00f3n comercial o durante el tiempo necesario para cumplir con las obligaciones legales y atender las posibles responsabilidades que pudieran derivar del cumplimiento de la finalidad para la que los datos fueron recabados. Los datos no se ceder\u00e1n a terceros salvo en los casos en que exista una obligaci\u00f3n legal. Usted tiene derecho a obtener informaci\u00f3n sobre si en SERGIO DE LA PUENTE PIS estamos tratando sus datos personales, por lo que puede ejercer sus derechos de acceso, rectificaci\u00f3n, supresi\u00f3n y portabilidad de datos y oposici\u00f3n y limitaci\u00f3n a su tratamiento ante SERGIO DE LA PUENTE PIS, C\/ CASTILLA, 4, BAJO (OFICINA INMOBILIARIA) 24300 &#8211; BEMBIBRE (LE\u00d3N) o en la direcci\u00f3n electr\u00f3nica sergio@inmobiliariabembibre.com, identific\u00e1ndose suficientemente en su solicitud por medios electr\u00f3nicos o, en su defecto, mediante solicitud debidamente firmada. No obstante, si el responsable del tratamiento tuviese dudas razonables en relaci\u00f3n con la identidad de la persona f\u00edsica que cursa la solicitud podr\u00e1 solicitar que se facilite informaci\u00f3n adicional necesaria para confirmar su identidad. Asimismo, y especialmente si considera que no ha obtenido satisfacci\u00f3n plena en el ejercicio de sus derechos, podr\u00e1 presentar una reclamaci\u00f3n ante la autoridad nacional de control dirigi\u00e9ndose a estos efectos a la Agencia Espa\u00f1ola de Protecci\u00f3n de Datos, C\/ Jorge Juan, 6 &#8211; 28001 Madrid.\r\n\r\nAsimismo, solicitamos su autorizaci\u00f3n para ofrecerle productos y servicios relacionados con los contratados y fidelizarle como cliente.\u00bb<\/div><\/div><\/div><!-- .wpforms-field-container --><div class=\"wpforms-submit-container\" ><input type=\"hidden\" name=\"wpforms[id]\" value=\"161\"><input type=\"hidden\" name=\"page_title\" value=\"\"><input type=\"hidden\" name=\"page_url\" value=\"https:\/\/inmobiliariabembibre.com\/index.php?rest_route=\/wp\/v2\/pages\/55\"><input type=\"hidden\" name=\"url_referer\" value=\"\"><button type=\"submit\" name=\"wpforms[submit]\" id=\"wpforms-submit-161\" class=\"wpforms-submit\" data-alt-text=\"Enviando...\" data-submit-text=\"Enviar\" aria-live=\"assertive\" value=\"wpforms-submit\">Enviar<\/button><img loading=\"lazy\" decoding=\"async\" src=\"https:\/\/inmobiliariabembibre.com\/wp-content\/plugins\/wpforms-lite\/assets\/images\/submit-spin.svg\" class=\"wpforms-submit-spinner\" style=\"display: none;\" width=\"26\" height=\"26\" alt=\"Cargando\"><\/div><\/form><\/div>  <!-- .wpforms-container -->\n\n<div class=\"wp-block-image\">\n<figure class=\"aligncenter size-full\"><img loading=\"lazy\" decoding=\"async\" width=\"859\" height=\"601\" src=\"https:\/\/inmobiliariabembibre.com\/wp-content\/uploads\/2023\/02\/Publi-Inmo_Sergio-222.jpg\" alt=\"\" class=\"wp-image-75\" srcset=\"https:\/\/inmobiliariabembibre.com\/wp-content\/uploads\/2023\/02\/Publi-Inmo_Sergio-222.jpg 859w, https:\/\/inmobiliariabembibre.com\/wp-content\/uploads\/2023\/02\/Publi-Inmo_Sergio-222-300x210.jpg 300w, https:\/\/inmobiliariabembibre.com\/wp-content\/uploads\/2023\/02\/Publi-Inmo_Sergio-222-768x537.jpg 768w\" sizes=\"(max-width: 859px) 100vw, 859px\" \/><\/figure><\/div>\n\n\n<p><\/p>\n","protected":false},"excerpt":{"rendered":"<p>Noceda, dos casas en el centro: Vivienda y otra para cochera. En el coraz\u00f3n de Noceda se vende casa en excelente estado de conservaci\u00f3n, ideal para vivienda o incluso como [&hellip;]<\/p>\n","protected":false},"author":1,"featured_media":0,"parent":0,"menu_order":0,"comment_status":"closed","ping_status":"closed","template":"","meta":{"footnotes":""},"class_list":["post-55","page","type-page","status-publish","hentry"],"_links":{"self":[{"href":"https:\/\/inmobiliariabembibre.com\/index.php?rest_route=\/wp\/v2\/pages\/55","targetHints":{"allow":["GET"]}}],"collection":[{"href":"https:\/\/inmobiliariabembibre.com\/index.php?rest_route=\/wp\/v2\/pages"}],"about":[{"href":"https:\/\/inmobiliariabembibre.com\/index.php?rest_route=\/wp\/v2\/types\/page"}],"author":[{"embeddable":true,"href":"https:\/\/inmobiliariabembibre.com\/index.php?rest_route=\/wp\/v2\/users\/1"}],"replies":[{"embeddable":true,"href":"https:\/\/inmobiliariabembibre.com\/index.php?rest_route=%2Fwp%2Fv2%2Fcomments&post=55"}],"version-history":[{"count":17,"href":"https:\/\/inmobiliariabembibre.com\/index.php?rest_route=\/wp\/v2\/pages\/55\/revisions"}],"predecessor-version":[{"id":342,"href":"https:\/\/inmobiliariabembibre.com\/index.php?rest_route=\/wp\/v2\/pages\/55\/revisions\/342"}],"wp:attachment":[{"href":"https:\/\/inmobiliariabembibre.com\/index.php?rest_route=%2Fwp%2Fv2%2Fmedia&parent=55"}],"curies":[{"name":"wp","href":"https:\/\/api.w.org\/{rel}","templated":true}]}}